{"id":110,"date":"2025-01-17T16:35:48","date_gmt":"2025-01-17T16:35:48","guid":{"rendered":"https:\/\/imperfloor.pt\/?page_id=110"},"modified":"2025-01-31T22:12:47","modified_gmt":"2025-01-31T22:12:47","slug":"privacy-policy","status":"publish","type":"page","link":"https:\/\/imperfloor.pt\/en\/privacy-policy\/","title":{"rendered":"Privacy Policy"},"content":{"rendered":"<p>A <strong>Imperfloor Unipessoal Lda<\/strong> (hereinafter Imperfloor) with its registered office at Rua Aquilino Ribeiro, 35, 4820-169 Fafe, Portugal, holder of the legal person identification number 514962658, is committed to protecting the privacy of your personal data (hereinafter \"data\") and therefore undertakes to process and guarantee the security of such data in accordance with the personal data protection legislation in force and, in particular, with Regulation (EU) 2016\/679 of the European Parliament and of the Council of 27 April 2016, General Data Protection Regulation - \"GDPR\". This Privacy Policy is intended to inform you of how Imperfloor processes your data and your rights as a data subject.<\/p>\n\n\n\n<p>Any data you make available to Imperfloor will be understood to have been obtained, processed and transmitted in strict compliance with the requirements established in the GDPR and the legislation in force.<\/p>\n\n\n\n<hr class=\"wp-block-separator has-alpha-channel-opacity\"\/>\n\n\n\n<p><strong>Data Controller and Data Protection Officer<\/strong><\/p>\n\n\n\n<p>In accordance with the GDPR, the <strong>Imperfloor<\/strong> acts as the entity responsible for processing your data. For any clarification regarding this Privacy Policy or the processing of your data, you may contact Imperfloor at:<\/p>\n\n\n\n<p><strong>Imperfloor<\/strong><br>Rua Aquilino Ribeiro, 35, 4820-169 Fafe, Portugal<br>E-mail: geral@imperfloor.pt<\/p>\n\n\n\n<hr class=\"wp-block-separator has-alpha-channel-opacity\"\/>\n\n\n\n<p><strong>Type of Personal Data, Purposes and Grounds for Processing<\/strong><\/p>\n\n\n\n<p>This policy covers the online and offline data collection activities of <strong>Imperfloor<\/strong>including data collected through various channels, such as brand websites, events and fairs.<\/p>\n\n\n\n<p>A <strong>Imperfloor<\/strong> collects and processes your data for a number of purposes:<\/p>\n\n\n\n<p><strong>1. Provision of Services<\/strong><\/p>\n\n\n\n<p>Data collected to provide requested services: name, address, e-mail, telephone number, etc.<br><strong>Basis:<\/strong> Management of the contractual relationship and Imperfloor's legitimate interest.<\/p>\n\n\n\n<p><strong>2. Satisfaction surveys<\/strong><\/p>\n\n\n\n<p>Data collected to assess satisfaction with the services provided.<br><strong>Basis:<\/strong> Imperfloor's legitimate interest.<\/p>\n\n\n\n<p><strong>3. Management and Administration<\/strong><\/p>\n\n\n\n<p>Data collected for tax, accounting and legal purposes: name, address, VAT number.<br><strong>Basis:<\/strong> Compliance with legal obligations.<\/p>\n\n\n\n<p><strong>4. Commercial Communications<\/strong><\/p>\n\n\n\n<p>Data collected to send promotional campaigns: name, e-mail address, telephone number.<br><strong>Basis:<\/strong> Consent of the owner or legitimate interest of Imperfloor.<\/p>\n\n\n\n<p><strong>5. Events and Promotions Management<\/strong><\/p>\n\n\n\n<p>Data collected for participation in events and competitions: name, e-mail address, telephone number.<br><strong>Basis:<\/strong> Consent of the owner.<\/p>\n\n\n\n<hr class=\"wp-block-separator has-alpha-channel-opacity\"\/>\n\n\n\n<p><strong>Transfer of Personal Data<\/strong><\/p>\n\n\n\n<p>A <strong>Imperfloor<\/strong> may transfer your data to service providers that act in accordance with this Privacy Policy and the GDPR.<\/p>\n\n\n\n<hr class=\"wp-block-separator has-alpha-channel-opacity\"\/>\n\n\n\n<p><strong>International Data Transfers<\/strong><\/p>\n\n\n\n<p>If there is a need to transfer data outside the European Union, the <strong>Imperfloor<\/strong> ensures compliance with applicable data protection regulations.<\/p>\n\n\n\n<hr class=\"wp-block-separator has-alpha-channel-opacity\"\/>\n\n\n\n<p><strong>Security measures<\/strong><\/p>\n\n\n\n<p>A <strong>Imperfloor<\/strong> implements appropriate technical and organisational measures to protect your data against abusive processing, loss or destruction.<\/p>\n\n\n\n<hr class=\"wp-block-separator has-alpha-channel-opacity\"\/>\n\n\n\n<p><strong>Exercising your rights<\/strong><\/p>\n\n\n\n<p>You can exercise your rights (access, rectification, deletion, portability, opposition and revocation of consent) through:<\/p>\n\n\n\n<ul class=\"wp-block-list\">\n<li><strong>Mail:<\/strong> Imperfloor - Rua Aquilino Ribeiro, 35, 4820-169 Fafe, Portugal<\/li>\n\n\n\n<li><strong>E-mail:<\/strong> geral@imperfloor.pt<\/li>\n<\/ul>\n\n\n\n<hr class=\"wp-block-separator has-alpha-channel-opacity\"\/>\n\n\n\n<p><strong>Control Authority<\/strong><\/p>\n\n\n\n<p>If you consider that <strong>Imperfloor<\/strong> is processing your data inappropriately, you can lodge a complaint with the <strong>National Data Protection Commission (CNPD)<\/strong> in <a href=\"https:\/\/www.cnpd.pt\" target=\"_blank\" rel=\"noopener\">www.cnpd.pt<\/a>.<\/p>\n\n\n\n<hr class=\"wp-block-separator has-alpha-channel-opacity\"\/>\n\n\n\n<p><strong>Cookie Policy<\/strong><\/p>\n\n\n\n<p>See our <a href=\"https:\/\/imperfloor.pt\/en\/cookie-policy\/\" data-type=\"page\" data-id=\"947\">cookie policy<\/a> for detailed information on the use of cookies.<\/p>\n\n\n\n<hr class=\"wp-block-separator has-alpha-channel-opacity\"\/>\n\n\n\n<p><strong>Changes to the Privacy Policy<\/strong><\/p>\n\n\n\n<p>A <strong>Imperfloor<\/strong> reserves the right to update this Privacy Policy. Please check back regularly to stay informed of changes.<\/p>","protected":false},"excerpt":{"rendered":"<p>A Imperfloor Unipessoal Lda (adiante Imperfloor) com sede social na Rua Aquilino Ribeiro, 35, 4820-169 Fafe, Portugal, titular do n\u00famero de identifica\u00e7\u00e3o de pessoa coletiva 514962658, est\u00e1 empenhada na prote\u00e7\u00e3o da privacidade dos seus dados pessoais (adiante \u201cdados\u201d) e, assim sendo, compromete-se a processar e garantir a seguran\u00e7a de tais dados de acordo com a [&hellip;]<\/p>\n","protected":false},"author":2,"featured_media":0,"parent":0,"menu_order":0,"comment_status":"closed","ping_status":"closed","template":"","meta":{"footnotes":""},"class_list":["post-110","page","type-page","status-publish","hentry"],"_links":{"self":[{"href":"https:\/\/imperfloor.pt\/en\/wp-json\/wp\/v2\/pages\/110","targetHints":{"allow":["GET"]}}],"collection":[{"href":"https:\/\/imperfloor.pt\/en\/wp-json\/wp\/v2\/pages"}],"about":[{"href":"https:\/\/imperfloor.pt\/en\/wp-json\/wp\/v2\/types\/page"}],"author":[{"embeddable":true,"href":"https:\/\/imperfloor.pt\/en\/wp-json\/wp\/v2\/users\/2"}],"replies":[{"embeddable":true,"href":"https:\/\/imperfloor.pt\/en\/wp-json\/wp\/v2\/comments?post=110"}],"version-history":[{"count":3,"href":"https:\/\/imperfloor.pt\/en\/wp-json\/wp\/v2\/pages\/110\/revisions"}],"predecessor-version":[{"id":955,"href":"https:\/\/imperfloor.pt\/en\/wp-json\/wp\/v2\/pages\/110\/revisions\/955"}],"wp:attachment":[{"href":"https:\/\/imperfloor.pt\/en\/wp-json\/wp\/v2\/media?parent=110"}],"curies":[{"name":"wp","href":"https:\/\/api.w.org\/{rel}","templated":true}]}}